{"id":3240,"date":"2024-03-31T09:43:19","date_gmt":"2024-03-31T07:43:19","guid":{"rendered":"https:\/\/2piu.be\/private-transfer-arrivals\/"},"modified":"2026-03-24T10:33:44","modified_gmt":"2026-03-24T09:33:44","slug":"private-transfer-arrivals","status":"publish","type":"page","link":"https:\/\/2piu.be\/de\/private-transfer-arrivals\/","title":{"rendered":"Privater Transfer von einem Flughafen"},"content":{"rendered":"\n<a id=\"back2\" href=\"https:\/\/2piu.be\/de\/private\/\"><svg xmlns=\"http:\/\/www.w3.org\/2000\/svg\" aria-hidden=\"true\" viewbox=\"0 0 448 512\"><path d=\"M257.5 445.1l-22.2 22.2c-9.4 9.4-24.6 9.4-33.9 0L7 273c-9.4-9.4-9.4-24.6 0-33.9L201.4 44.7c9.4-9.4 24.6-9.4 33.9 0l22.2 22.2c9.5 9.5 9.3 25-.4 34.3L136.6 216H424c13.3 0 24 10.7 24 24v32c0 13.3-10.7 24-24 24H136.6l120.5 114.8c9.8 9.3 10 24.8.4 34.3z\"><\/path><\/svg>Zur\u00fcck<\/a>\n\n <div id=\"form_id1687396844750\" class=\"wpbc_container wpbc_form wpbc_container_booking_form \" ><form id=\"booking_form9\" class=\"booking_form vertical\" method=\"post\" action=\"\"><div id=\"ajax_respond_insert9\" class=\"ajax_respond_insert\" style=\"display:none;\"><\/div><a name=\"bklnk9\" id=\"bklnk9\"><\/a><div id=\"booking_form_div9\" class=\"booking_form_div\"><div class=\"wpbc__form__div\">\r\n\t\t\t<div class=\"wpbc_wizard_step wpbc__form__div wpbc_wizard_step1\"> \r\n\r\n\t<div class=\"wpbc__row\">\r\n\t\t<div class=\"wpbc__field\">Fordern Sie einen privaten Transfer von einem Flughafen an und erhalten Sie innerhalb von 12 Stunden ein Angebot.  <\/div>\r\n\t<\/div>\r\n\t<div class=\"wpbc__row\"> \r\n\t\t<div class=\"wpbc__field\">\r\n\t\t\t<label>Ankunftsflughafen (erforderlich):<\/label>\r\n\t\t\t<div class=\"wpbc__row\"><div class=\"wpbc__field\">Flughafen ausw\u00e4hlen<\/div><\/div>\r\n\t\t\t<span class=\"wpbc_wrap_select wpdev-form-control-wrap airport_a9\"><select onchange=\"javascript:if(typeof( wpbc_show_cost_hints_after_few_seconds )=='function'){wpbc_show_cost_hints_after_few_seconds(9);}\" name=\"airport_a9\" autocomplete=\"airport_a\" class=\"wpdev-validates-as-required\"><option value=\"\"><\/option><option value=\"Paris-Orly Airport\">Paris-Orly Airport<\/option><option value=\"Paris-Roissy Airport\">Paris-Roissy Airport<\/option><option value=\"Lille Airport\">Lille Airport<\/option><option value=\"Brussels-Zaventem Airport\">Brussels-Zaventem Airport<\/option><option value=\"Brussels-Charleroi Airport\">Brussels-Charleroi Airport<\/option><option value=\"Oostende Airport\">Oostende Airport<\/option><option value=\"D\u00fcsseldorf International Airport\">D\u00fcsseldorf International Airport<\/option><option value=\"Cologne\/Bonn Airport\">Cologne\/Bonn Airport<\/option><option value=\"Stuttgart International Airport\">Stuttgart International Airport<\/option><option value=\"Amsterdam-Schiphol Airport\">Amsterdam-Schiphol Airport<\/option><option value=\"Eindoven Airport\">Eindoven Airport<\/option><option value=\"Rotterdam Airport\">Rotterdam Airport<\/option><option value=\"Milan-Linate Airport\">Milan-Linate Airport<\/option><option value=\"Milan-Malpensa Airport\">Milan-Malpensa Airport<\/option><\/select><\/span>\r\n\t\t\t<div style=\"display: none\"><span class=\"wpbc_wrap_text wpdev-form-control-wrap coordinates_a9\"><input type=\"text\" name=\"coordinates_a9\" value=\"\" autocomplete=\"coordinates_a\" size=\"40\" \/><\/span><\/div>\r\n\t\t<\/div> \r\n\t<\/div> \r\n\t<div class=\"wpbc__row\"> \r\n\t\t<div class=\"wpbc__field\"> \r\n\t\t\t<label>Abgabestelle (erforderlich):<\/label>\r\n\t\t\t<div class=\"wpbc__row\"><div class=\"wpbc__field\">Geben Sie Stra\u00dfe und Hausnummer ein.<\/div><\/div>\r\n\t\t\t<span class=\"wpbc_wrap_text wpdev-form-control-wrap drop9\"><input type=\"text\" name=\"drop9\" value=\"\" autocomplete=\"drop\" class=\"wpdev-validates-as-required\" size=\"40\" \/><\/span>\r\n\t\t\t<div style=\"display: none\"><span class=\"wpbc_wrap_text wpdev-form-control-wrap coordinates_d9\"><input type=\"text\" name=\"coordinates_d9\" value=\"\" autocomplete=\"coordinates_d\" size=\"40\" \/><\/span><\/div>\r\n\t\t<\/div> \r\n\t<\/div> \t\r\n\t\t\t\t<a style=\"float: right; padding:8px 15px\" class=\" wpbc_wizard_step_button wpbc_wizard_step_2\">\r\n  N\u00e4chste\r\n\t\t<\/a>\r\n\t<\/div>\r\n\t<div class=\"wpbc_wizard_step wpbc__form__div wpbc_wizard_step2 wpbc_wizard_step_hidden\" style=\"display:none;clear:both;\"> \r\n\t<div class=\"wpbc__row\">\r\n\t\t<div class=\"wpbc__field\">\t\t\r\n\t\t\t<label>W\u00e4hlen Sie das \u00dcbertragungsdatum (erforderlich):<\/label>\r\n \t\t\t<div class=\"wpbc_calendar_wraper wpbc_change_over_triangle wpbc_calendar_skin_legacy\"><div class=\"wpbc_cal_container bk_calendar_frame wpbc_no_custom_width  months_num_in_row_ cal_month_num_1\" style=\"\"><div id=\"calendar_booking9\"  class=\"wpbc_calendar_id_9\" >\t<div class=\"calendar_loader_frame calendar_loader_frame9\"\r\n\t\tdata-wpbc-rid=\"9\"\r\n\t\tdata-wpbc-grace=\"8000\"\r\n\t\tstyle=\"--wpbc-loader-cols: 1;\"\r\n\t>\r\n\t\t<div class=\"calendar_loader_text\">Wird geladen...<\/div>\r\n\t\t<div class=\"calendar_loader_frame__progress_line_container\">\r\n\t\t\t<div class=\"calendar_loader_frame__progress_line\"><\/div>\r\n\t\t<\/div>\r\n\t<\/div>\r\n\t<\/div><\/div><textarea id=\"date_booking9\" name=\"date_booking9\" autocomplete=\"off\" style=\"display:none;\"><\/textarea><div class=\"block_hints datepick \"><div class=\"wpdev_hint_with_text\"><div class=\"\"><div class=\"datepick-inline wpbc_calendar_legend_table_width_height\"><table class=\"datepick wpbc_calendar\" style=\"\"><tbody><tr><td class=\"datepick-days-cell datepick-unselectable date_user_unavailable wpbc_calendar_legend_day_cell_height\"><div class=\"wpbc-cell-box\">\t<div class=\"date-cell-content\">\t\t<div class=\"date-content-top\"><\/div>\t\t<span>&nbsp;<\/span>\t\t<div class=\"date-content-bottom\"><\/div>\t<\/div><\/div><\/td><\/tr><\/tbody><\/table><\/div><\/div><div class=\"block_text\">- <\/div><div class=\"block_text\">Nicht verf\u00fcgbar<\/div><\/div><\/div><\/div>\r\n\t\t<\/div> \r\n\t<\/div>\r\n\t<div class=\"wpbc__row\">  \r\n\t\t<div class=\"wpbc__field\"> \r\n\t\t\t<label>Nummer des ankommenden Fluges (erforderlich):<\/label>\r\n\t\t\t<span class=\"wpbc_wrap_text wpdev-form-control-wrap flightnumber9\"><input type=\"text\" name=\"flightnumber9\" value=\"\" autocomplete=\"flightnumber\" class=\"wpdev-validates-as-required\" size=\"40\" \/><\/span>\r\n\t\t<\/div> \r\n\t<\/div> \r\n\t<div class=\"wpbc__row\">\r\n\t\t<div class=\"wpbc__field\"> \r\n\t\t\t<label>Ankunftszeit (erforderlich):<\/label>\r\n\t\t\t<span class=\"wpbc_wrap_text wpdev-form-control-wrap time9\"><input type=\"text\" name=\"time9\" value=\"\" autocomplete=\"time\" class=\"wpdev-validates-as-required\" size=\"40\" \/><\/span>\r\n\t\t<\/div> \r\n\t<\/div>\r\n\t\t\t\t\t<a style=\"padding:8px 15px; float: left\" class=\" wpbc_wizard_step_button wpbc_wizard_step_1\">Zur\u00fcck<\/a>   \r\n\t<a style=\"padding:8px 15px; float: right\" class=\" wpbc_wizard_step_button wpbc_wizard_step_3\">\r\n  N\u00e4chste\r\n\t<\/a> \r\n\t<\/div>\r\n\t<div class=\"wpbc_wizard_step wpbc__form__div wpbc_wizard_step3 wpbc_wizard_step_hidden\" style=\"display:none;clear:both;\"> \r\n\t<div class=\"wpbc__row\">\r\n\t\t<div class=\"wpbc__field\">\r\n\t\t\t<label>Passagiere (insgesamt):<\/label>\r\n\t\t\t<div class=\"wpbc__row\"><div class=\"wpbc__field\">  Die Gesamtzahl der Passagiere.<\/div><\/div>\r\n\t\t\t<span class=\"wpbc_wrap_select wpdev-form-control-wrap visitors9\"><select onchange=\"javascript:if(typeof( wpbc_show_cost_hints_after_few_seconds )=='function'){wpbc_show_cost_hints_after_few_seconds(9);}\" name=\"visitors9\" autocomplete=\"visitors\"><option value=\"1\">1<\/option><option value=\"2\">2<\/option><option value=\"3\">3<\/option><option value=\"4\">4<\/option><option value=\"5\">5<\/option><option value=\"6\">6<\/option><option value=\"7\">7<\/option><option value=\"8\">8<\/option><option value=\"9\">9<\/option><option value=\"10\">10<\/option><option value=\"11\">11<\/option><option value=\"12\">12<\/option><option value=\"13\">13<\/option><option value=\"14\">14<\/option><option value=\"15\">15<\/option><option value=\"16\">16<\/option><option value=\"17\">17<\/option><option value=\"18\">18<\/option><option value=\"19\">19<\/option><option value=\"20\">20<\/option><option value=\"21\">21<\/option><option value=\"22\">22<\/option><option value=\"23\">23<\/option><option value=\"24\">24<\/option><option value=\"25\">25<\/option><option value=\"26\">26<\/option><option value=\"27\">27<\/option><option value=\"28\">28<\/option><option value=\"29\">29<\/option><option value=\"30\">30<\/option><option value=\"31\">31<\/option><option value=\"32\">32<\/option><option value=\"33\">33<\/option><option value=\"34\">34<\/option><option value=\"35\">35<\/option><option value=\"36\">36<\/option><option value=\"37\">37<\/option><option value=\"38\">38<\/option><option value=\"39\">39<\/option><option value=\"40\">40<\/option><option value=\"41\">41<\/option><option value=\"42\">42<\/option><option value=\"43\">43<\/option><option value=\"44\">44<\/option><option value=\"45\">45<\/option><option value=\"46\">46<\/option><option value=\"47\">47<\/option><option value=\"48\">48<\/option><option value=\"49\">49<\/option><option value=\"50\">50<\/option><option value=\"51\">51<\/option><option value=\"52\">52<\/option><option value=\"53\">53<\/option><option value=\"54\">54<\/option><option value=\"55\">55<\/option><option value=\"56\">56<\/option><\/select><\/span>  \r\n\t\t<\/div>\r\n\t<\/div>\r\n\t<div class=\"wpbc__row\">\r\n\t\t<div class=\"wpbc__field\">\r\n\t\t<label>Passagiere von 4 bis 12 Jahren:<\/label>\r\n\t\t<div class=\"wpbc__row\"><div class=\"wpbc__field\">Wie viele der Passagiere sind zwischen 4 und 12 Jahre alt? Wir stellen Ihnen Sitzerh\u00f6hungen f\u00fcr den Transfer zur Verf\u00fcgung.  <\/div><\/div><span class=\"wpbc_wrap_select wpdev-form-control-wrap children9\"><select onchange=\"javascript:if(typeof( wpbc_show_cost_hints_after_few_seconds )=='function'){wpbc_show_cost_hints_after_few_seconds(9);}\" name=\"children9\" autocomplete=\"children\"><option value=\"0\">0<\/option><option value=\"1\">1<\/option><option value=\"2\">2<\/option><option value=\"3\">3<\/option><option value=\"4\">4<\/option><option value=\"5\">5<\/option><option value=\"6\">6<\/option><option value=\"7\">7<\/option><option value=\"8\">8<\/option><option value=\"9\">9<\/option><option value=\"10\">10<\/option><\/select><\/span><\/div>\r\n\t<\/div> \r\n\t<div class=\"wpbc__row\">\r\n\t\t<div class=\"wpbc__field\">\r\n\t\t<label>Passagiere 0 bis 4 Jahre alt:<\/label>\r\n\t\t<div class=\"wpbc__row\"><div class=\"wpbc__field\">Wie viele der Passagiere sind zwischen 0 und 4 Jahre alt? Wir stellen Ihnen Autositze f\u00fcr den Transfer zur Verf\u00fcgung.  <\/div><span class=\"wpbc_wrap_select wpdev-form-control-wrap infants9\"><select onchange=\"javascript:if(typeof( wpbc_show_cost_hints_after_few_seconds )=='function'){wpbc_show_cost_hints_after_few_seconds(9);}\" name=\"infants9\" autocomplete=\"infants\"><option value=\"0\">0<\/option><option value=\"1\">1<\/option><option value=\"2\">2<\/option><option value=\"3\">3<\/option><option value=\"4\">4<\/option><option value=\"5\">5<\/option><\/select><\/span>\r\n\t<\/div><\/div><\/div>\r\n\t\t\t\t\t\t\t\t<a style=\"padding:8px 15px; float: left\" class=\" wpbc_wizard_step_button wpbc_wizard_step_2\">Zur\u00fcck<\/a>   \r\n\t\t<a style=\"padding:8px 15px; float: right\" class=\" wpbc_wizard_step_button wpbc_wizard_step_4\">\r\n  N\u00e4chste\r\n\t\t<\/a> \r\n\t<\/div>\r\n\t\t<div class=\"wpbc_wizard_step wpbc__form__div wpbc_wizard_step4 wpbc_wizard_step_hidden\" style=\"display:none;clear:both;\"> \r\n\t<div class=\"wpbc__row\"> \r\n\t\t<div class=\"wpbc__field\"> <label>Vorname (erforderlich):<\/label><span class=\"wpbc_wrap_text wpdev-form-control-wrap name9\"><input type=\"text\" name=\"name9\" value=\"\" autocomplete=\"name\" class=\"wpdev-validates-as-required\" size=\"40\" \/><\/span><\/div> \r\n\t\t<div class=\"wpbc__field\"> <label>Nachname (erforderlich):<\/label><span class=\"wpbc_wrap_text wpdev-form-control-wrap secondname9\"><input type=\"text\" name=\"secondname9\" value=\"\" autocomplete=\"secondname\" class=\"wpdev-validates-as-required\" size=\"40\" \/><\/span><\/div> \r\n\t<\/div> \r\n\t<div class=\"wpbc__row\"> \r\n\t\t<div class=\"wpbc__field\"> <label>E-Mail (erforderlich):<\/label><span class=\"wpbc_wrap_text wpdev-form-control-wrap email9\"><input type=\"email\" name=\"email9\" value=\"\" autocomplete=\"email\" class=\"wpdev-validates-as-email wpdev-validates-as-required\" size=\"40\" \/><\/span><\/div> \r\n\t\t<div class=\"wpbc__field\"> <label>Telefon (erforderlich):<\/label><span class=\"wpbc_wrap_text wpdev-form-control-wrap formatted_phone9\"><input type=\"text\" name=\"formatted_phone9\" value=\"\" autocomplete=\"formatted_phone\" class=\"wpdev-validates-as-required\" size=\"40\" \/><\/span><span class=\"wpbc_wrap_text wpdev-form-control-wrap phone9\"><input type=\"text\" name=\"phone9\" value=\"\" autocomplete=\"phone\" class=\"wpdev-validates-as-required\" size=\"40\" \/><\/span><\/div> \r\n\t<\/div> \r\n\t<div class=\"wpbc__row\"> \r\n\t\t<div class=\"wpbc__field\"> <label>Gep\u00e4ck (max. 15KG):<\/label><span class=\"wpbc_wrap_select wpdev-form-control-wrap luggage15kg9\"><select onchange=\"javascript:if(typeof( wpbc_show_cost_hints_after_few_seconds )=='function'){wpbc_show_cost_hints_after_few_seconds(9);}\" name=\"luggage15kg9\" autocomplete=\"luggage15kg\"><option value=\"0\">0<\/option><option value=\"1\">1<\/option><option value=\"2\">2<\/option><option value=\"3\">3<\/option><option value=\"4\">4<\/option><option value=\"5\">5<\/option><\/select><\/span><\/div> \r\n\t\t<div class=\"wpbc__field\"> <label>Gep\u00e4ck (20KG max):<\/label><span class=\"wpbc_wrap_select wpdev-form-control-wrap luggage20kg9\"><select onchange=\"javascript:if(typeof( wpbc_show_cost_hints_after_few_seconds )=='function'){wpbc_show_cost_hints_after_few_seconds(9);}\" name=\"luggage20kg9\" autocomplete=\"luggage20kg\"><option value=\"0\">0<\/option><option value=\"1\">1<\/option><option value=\"2\">2<\/option><option value=\"3\">3<\/option><option value=\"4\">4<\/option><option value=\"5\">5<\/option><\/select><\/span><\/div> \r\n\t<\/div> \r\n\t<div class=\"wpbc__row\">\r\n\t\t<div class=\"wpbc__field\">\r\n\t\t<label>Details:<\/label>  \r\n\t<div class=\"wpbc__row\"> \r\n\t\t<div class=\"wpbc__field\">  Bitte teilen Sie uns Ihre W\u00fcnsche mit (z.B. die Mitnahme eines Fahrrads oder Haustiers).\r\n\t\t<\/div> <span class=\"wpbc_wrap_textarea wpdev-form-control-wrap details9\"><textarea name=\"details9\" autocomplete=\"details\"><\/textarea><\/span><\/div><\/div>\r\n\t<\/div> \r\n\t<div class=\"wpbc__row\"> \r\n\t\t<div class=\"wpbc__field\"> <span class=\"wpbc_wrap_checkbox wpdev-form-control-wrap term_and_condition9\"><span autocomplete=\"term_and_condition\" class=\"wpdev-validates-as-required wpdev-checkbox\"><span class=\"wpdev-list-item\"><input  autocomplete=\"term_and_condition\" class=\"wpdev-validates-as-required wpdev-checkbox\" id=\"checkboxid177620720508041\"  onchange=\"javascript:if(typeof( wpbc_show_cost_hints_after_few_seconds )=='function'){wpbc_show_cost_hints_after_few_seconds(9);}\"  type=\"checkbox\"  name=\"term_and_condition9[]\"  value=\"Ich stimme den Buchungsbedingungen zu\" \/><label for=\"checkboxid177620720508041\"  class=\"wpdev-list-item-label\">Ich stimme den Buchungsbedingungen zu<\/label><\/span><\/span><\/span> <\/div> \r\n\t\t<div class=\"wpbc__field\">  <\/div> \r\n\t\t\t<a style=\"padding:8px 15px; float: left\" class=\" wpbc_wizard_step_button wpbc_wizard_step_3_wa\">Zur\u00fcck<\/a>  \r\n\t\t\t<div style=\"float: right\"><input type=\"button\" value=\"Angebot anfordern\" class=\"wpbc_button_light\" onclick=\"wpbc_booking_form_submit(this.form,9, 'de_DE');\" \/><\/div>\r\n\t<\/div> \r\n\t<\/div>\r\n<\/div><script type=\"text\/javascript\">(function() { var a = setInterval( function() {  if ( ( 'undefined' === typeof _wpbc ) || ( 'undefined' === typeof jQuery ) || ! window.jQuery ) { return; } clearInterval( a ); jQuery( document ).ready( function (){\t\tmoveOptionalElementsToGarbage( 9 );\r\n\t} ); }, 500 ); })();<\/script><script type=\"text\/javascript\">(function() { var a = setInterval( function() {  if ( ( 'undefined' === typeof _wpbc ) || ( 'undefined' === typeof jQuery ) || ! window.jQuery ) { return; } clearInterval( a ); jQuery( document ).ready( function (){\t\t_wpbc.seasons__set( 9, [] );\r\n\t} ); }, 500 ); })();<\/script><input name=\"booking_form_type9\"  id=\"booking_form_type9\" type=\"hidden\" value=\"arrivals\"><input id=\"bk_type9\" name=\"bk_type9\" class=\"\" type=\"hidden\" value=\"9\" \/><\/div><div id=\"submiting9\"><\/div><div class=\"form_bk_messages\" id=\"form_bk_messages9\" ><\/div><input type=\"hidden\" id=\"wpbc_nonceCALCULATE_THE_COST9\" name=\"wpbc_nonceCALCULATE_THE_COST9\" value=\"0f730c2488\" \/><input type=\"hidden\" name=\"_wp_http_referer\" value=\"\/de\/wp-json\/wp\/v2\/pages\/3240\" \/><\/form><\/div><div id=\"booking_form_garbage9\" class=\"booking_form_garbage\"><\/div>\n<script id=\"wpbc-inline-js-wpbc-dup-calendar-warn-9\" type=\"text\/javascript\">\n(function() { var a = setInterval( function() {  if ( ( 'undefined' === typeof _wpbc ) || ( 'undefined' === typeof jQuery ) || ! window.jQuery ) { return; } clearInterval( a ); jQuery( document ).ready( function (){\njQuery(\".widget_wpdev_booking .booking_form.form-horizontal\").removeClass(\"form-horizontal\");\nvar calendars__on_this_page_list = _wpbc.get_other_param(\"calendars__on_this_page\") || [];\nvar visible_calendars_count = calendars__on_this_page_list.length;\nif (visible_calendars_count !== null) {\n  for (var i=0; i<visible_calendars_count; i++) {\n    if (_wpbc.get_other_param(\"calendars__on_this_page\")[i] === 9) {\n      console.log(\"%c%s\", \"color: #e77; font-weight:bold\", \"Warning! The booking calendar for this resource with the ID = 9 is already on the page. Find more details here: https:\\\/\\\/wpbookingcalendar.com\\\/faq\\\/why-the-booking-calendar-widget-not-show-on-page\\\/\");\n    }\n  }\n  _wpbc.get_other_param(\"calendars__on_this_page\")[visible_calendars_count] = 9;\n};\n} ); }, 500 ); })();\n<\/script>\n <script type=\"text\/javascript\"> (function() { var a = setInterval( function() {  if ( ( 'undefined' === typeof _wpbc ) || ( 'undefined' === typeof jQuery ) || ! window.jQuery ) { return; } clearInterval( a ); jQuery( document ).ready( function (){ _wpbc.balancer__set_max_threads( 3 );  _wpbc.calendar__set_param_value( 9 , 'calendar_scroll_to' , false );  _wpbc.calendar__set_param_value( 9 , 'calendar_dates_start' , \"\" );  _wpbc.calendar__set_param_value( 9 , 'calendar_dates_end'   , \"\" );  _wpbc.calendar__set_param_value( 9 , 'booking_max_monthes_in_calendar' , \"1y\" );  _wpbc.calendar__set_param_value( 9 , 'booking_start_day_weeek' , \"1\" );  _wpbc.calendar__set_param_value( 9 , 'calendar_number_of_months' , \"1\" );  _wpbc.calendar__set_param_value( 9, 'days_select_mode', \"single\" );  _wpbc.calendar__set_param_value( 9, 'fixed__days_num', 3 );  _wpbc.calendar__set_param_value( 9, 'fixed__week_days__start',   [-1] );  _wpbc.calendar__set_param_value( 9, 'dynamic__days_min', 1 );  _wpbc.calendar__set_param_value( 9, 'dynamic__days_max', 30 );  _wpbc.calendar__set_param_value( 9, 'dynamic__days_specific',    [] );  _wpbc.calendar__set_param_value( 9, 'dynamic__week_days__start', [-1] );  _wpbc.calendar__set_param_value( 9, 'booking_date_format', \"d\\\/m\\\/Y\" );  _wpbc.calendar__set_param_value( 9, 'booking_time_format', \"H:i\" );  _wpbc.calendar__set_param_value( 9 , 'booking_recurrent_time' , \"Off\" );  if ( 'function' === typeof ( wpbc__conditions__SAVE_INITIAL__days_selection_params__bm ) ) { wpbc__conditions__SAVE_INITIAL__days_selection_params__bm( 9 ); }  wpbc_calendar_show(\"9\");  _wpbc.set_secure_param('nonce', \"374bf37936\");  _wpbc.set_secure_param('user_id', \"0\");  _wpbc.set_secure_param('locale', \"de_DE\");  wpbc_calendar__load_data__ajx({\"resource_id\":9,\"booking_hash\":\"\",\"request_uri\":\"\\\/de\\\/wp-json\\\/wp\\\/v2\\\/pages\\\/3240\",\"custom_form\":\"arrivals\",\"aggregate_resource_id_str\":\"\",\"aggregate_type\":\"all\"}); } ); }, 500 ); })();<\/script><div  id=\"gateway_payment_forms9\"><\/div>\n\n<div class=\"pop\" style=\"display: none\"><div class=\"close\">Schlie\u00dfen Sie<\/div>\n\n\n\n<h3 class=\"wp-block-heading\">Annullierungspolitik<\/h3>\n\n\n\n<ul class=\"wp-block-list\">\n<li>Bis 24 Stunden vor der Abholung: kostenlos, Sie erhalten eine volle R\u00fcckerstattung.<\/li>\n\n\n\n<li>Abholung am selben Tag: 100 % werden berechnet, keine R\u00fcckerstattung<\/li>\n\n\n\n<li>Nichterscheinen: 100 % des Preises werden berechnet, keine R\u00fcckerstattung<\/li>\n<\/ul>\n\n\n\n<h3 class=\"wp-block-heading\">Zahlung und zus\u00e4tzliche Geb\u00fchr<\/h3>\n\n\n\n<ul class=\"wp-block-list\">\n<li>Sie k\u00f6nnen mit (Kredit-)Karte oder in bar bezahlen.<\/li>\n\n\n\n<li>Bank\u00fcberweisung ist m\u00f6glich, da wir es vorziehen, die Zahlung 24 Stunden vor der Abreise zu erhalten.<\/li>\n\n\n\n<li>Rechnung per E-Mail<\/li>\n\n\n\n<li>Zus\u00e4tzliche Haltestellen f\u00fcr die Abholung oder den R\u00fccktransport: zus\u00e4tzliche Geb\u00fchr<\/li>\n\n\n\n<li>Kindersitze sind verf\u00fcgbar, bitte geben Sie das Alter Ihres Kindes\/ Ihrer Kinder an.<\/li>\n\n\n\n<li>Inbegriffen: 30 Minuten Wartezeit am Flughafen. 15 Minuten am Busbahnhof\/Bahnhof, 10 Minuten am Hotel inklusive.<\/li>\n\n\n\n<li>Auf Anfrage: jede 30 Minuten zus\u00e4tzliche Wartezeit: 20 Euro extra.<\/li>\n\n\n\n<li>Extra Service (Tiere, Fahrradtaschen oder gro\u00dfes Gep\u00e4ck), bitte informieren Sie uns im Voraus.<\/li>\n<\/ul>\n\n\n\n<h3 class=\"wp-block-heading\">Praktische Modalit\u00e4ten<\/h3>\n\n\n\n<p>Bitte f\u00fcgen Sie Ihrer Anfrage die Flugnummer, die Anzahl der Erwachsenen und Kinder, die bevorzugte Abflugzeit sowie die Adresse f\u00fcr die Abholung und R\u00fcckgabe hinzu.<\/p>\n\n\n\n<h3 class=\"wp-block-heading\">Bereit zur Abreise<\/h3>\n\n\n\n<p>Die Reservierung ist erst dann definitiv, wenn Sie von uns eine E-Mail zur Best\u00e4tigung der Reservierung erhalten.<\/p><\/div>\n\n\n\n<p><\/p>\n","protected":false},"excerpt":{"rendered":"<p>Zur\u00fcck Schlie\u00dfen Sie Annullierungspolitik Bis 24 Stunden vor der Abholung: kostenlos, Sie erhalten eine volle R\u00fcckerstattung. Abholung am selben Tag: 100 % werden berechnet, keine R\u00fcckerstattung Nichterscheinen: 100 % des Preises werden berechnet, keine R\u00fcckerstattung Zahlung und zus\u00e4tzliche Geb\u00fchr Sie k\u00f6nnen mit (Kredit-)Karte oder in bar bezahlen. Bank\u00fcberweisung ist m\u00f6glich, da wir es vorziehen, die [&hellip;]<\/p>\n","protected":false},"author":6,"featured_media":0,"parent":0,"menu_order":0,"comment_status":"closed","ping_status":"closed","template":"","meta":{"footnotes":""},"class_list":["post-3240","page","type-page","status-publish","hentry"],"_links":{"self":[{"href":"https:\/\/2piu.be\/de\/wp-json\/wp\/v2\/pages\/3240","targetHints":{"allow":["GET"]}}],"collection":[{"href":"https:\/\/2piu.be\/de\/wp-json\/wp\/v2\/pages"}],"about":[{"href":"https:\/\/2piu.be\/de\/wp-json\/wp\/v2\/types\/page"}],"author":[{"embeddable":true,"href":"https:\/\/2piu.be\/de\/wp-json\/wp\/v2\/users\/6"}],"replies":[{"embeddable":true,"href":"https:\/\/2piu.be\/de\/wp-json\/wp\/v2\/comments?post=3240"}],"version-history":[{"count":1,"href":"https:\/\/2piu.be\/de\/wp-json\/wp\/v2\/pages\/3240\/revisions"}],"predecessor-version":[{"id":6649,"href":"https:\/\/2piu.be\/de\/wp-json\/wp\/v2\/pages\/3240\/revisions\/6649"}],"wp:attachment":[{"href":"https:\/\/2piu.be\/de\/wp-json\/wp\/v2\/media?parent=3240"}],"curies":[{"name":"wp","href":"https:\/\/api.w.org\/{rel}","templated":true}]}}