{"id":476,"date":"2024-03-22T13:02:05","date_gmt":"2024-03-22T11:02:05","guid":{"rendered":"https:\/\/2piu.be\/private-transfers\/"},"modified":"2026-03-24T10:33:35","modified_gmt":"2026-03-24T09:33:35","slug":"private-transfer","status":"publish","type":"page","link":"https:\/\/2piu.be\/fr\/private-transfer\/","title":{"rendered":"Transfert priv\u00e9"},"content":{"rendered":"\n<a id=\"back2\" href=\"https:\/\/2piu.be\/fr\/private\/\"><svg xmlns=\"http:\/\/www.w3.org\/2000\/svg\" aria-hidden=\"true\" viewbox=\"0 0 448 512\"><path d=\"M257.5 445.1l-22.2 22.2c-9.4 9.4-24.6 9.4-33.9 0L7 273c-9.4-9.4-9.4-24.6 0-33.9L201.4 44.7c9.4-9.4 24.6-9.4 33.9 0l22.2 22.2c9.5 9.5 9.3 25-.4 34.3L136.6 216H424c13.3 0 24 10.7 24 24v32c0 13.3-10.7 24-24 24H136.6l120.5 114.8c9.8 9.3 10 24.8.4 34.3z\"><\/path><\/svg>Retour<\/a>\n <div id=\"form_id1582255743380\" class=\"wpbc_container wpbc_form wpbc_container_booking_form \" ><form id=\"booking_form5\" class=\"booking_form vertical\" method=\"post\" action=\"\"><div id=\"ajax_respond_insert5\" class=\"ajax_respond_insert\" style=\"display:none;\"><\/div><a name=\"bklnk5\" id=\"bklnk5\"><\/a><div id=\"booking_form_div5\" class=\"booking_form_div\"><div class=\"wpbc__form__div\">\r\n\t\t<div class=\"wpbc_wizard_step wpbc__form__div wpbc_wizard_step1\"> \r\n\r\n\t\t<div class=\"wpbc__row\">\r\n\t\t<div class=\"wpbc__field\">Demandez un transfert priv\u00e9 et recevez un devis dans les 12 heures.<\/div>\r\n\t<\/div>\r\n\t<div class=\"wpbc__row\"> \r\n\t\t<div class=\"wpbc__field\">\r\n\t\t\t<label>Lieu d'enl\u00e8vement (obligatoire) :<\/label>\r\n\t\t\t<div class=\"wpbc__row\"><div class=\"wpbc__field\">Tapez le num\u00e9ro de la rue et de la maison.<\/div><\/div>\r\n\t\t\t<span class=\"wpbc_wrap_text wpdev-form-control-wrap pick5\"><input type=\"text\" name=\"pick5\" value=\"\" autocomplete=\"pick\" class=\"wpdev-validates-as-required\" size=\"40\" \/><\/span>\r\n\t\t\t<div style=\"display: none\"><span class=\"wpbc_wrap_text wpdev-form-control-wrap coordinates_a5\"><input type=\"text\" name=\"coordinates_a5\" value=\"\" autocomplete=\"coordinates_a\" size=\"40\" \/><\/span><\/div>\r\n\t\t<\/div> \r\n\t<\/div> \r\n\t<div class=\"wpbc__row\"> \r\n\t\t<div class=\"wpbc__field\"> \r\n\t\t\t<label>Lieu de d\u00e9p\u00f4t (obligatoire) :<\/label>\r\n\t\t\t<div class=\"wpbc__row\"><div class=\"wpbc__field\">Tapez le num\u00e9ro de la rue et de la maison.<\/div><\/div>\r\n\t\t\t<span class=\"wpbc_wrap_text wpdev-form-control-wrap drop5\"><input type=\"text\" name=\"drop5\" value=\"\" autocomplete=\"drop\" class=\"wpdev-validates-as-required\" size=\"40\" \/><\/span>\r\n\t\t\t<div style=\"display: none\"><span class=\"wpbc_wrap_text wpdev-form-control-wrap coordinates_d5\"><input type=\"text\" name=\"coordinates_d5\" value=\"\" autocomplete=\"coordinates_d\" size=\"40\" \/><\/span><\/div>\r\n\t\t<\/div> \r\n\t<\/div> \r\n\t<a style=\"float: right; padding:8px 15px\" class=\" wpbc_wizard_step_button wpbc_wizard_step_2\">\r\n  Suivant\r\n\t\t<\/a>\r\n\t<\/div>\r\n\t<div class=\"wpbc_wizard_step wpbc__form__div wpbc_wizard_step2 wpbc_wizard_step_hidden\" style=\"display:none;clear:both;\"> \r\n\t<div class=\"wpbc__row\">\r\n\t\t<div class=\"wpbc__field\">\r\n\t\t\t<label>S\u00e9lectionnez la date de transfert (obligatoire) :<\/label>\r\n\t\t\t<div class=\"wpbc_calendar_wraper wpbc_change_over_triangle wpbc_calendar_skin_legacy\"><div class=\"wpbc_cal_container bk_calendar_frame wpbc_no_custom_width  months_num_in_row_ cal_month_num_1\" style=\"\"><div id=\"calendar_booking5\"  class=\"wpbc_calendar_id_5\" >\t<div class=\"calendar_loader_frame calendar_loader_frame5\"\r\n\t\tdata-wpbc-rid=\"5\"\r\n\t\tdata-wpbc-grace=\"8000\"\r\n\t\tstyle=\"--wpbc-loader-cols: 1;\"\r\n\t>\r\n\t\t<div class=\"calendar_loader_text\">Loading...<\/div>\r\n\t\t<div class=\"calendar_loader_frame__progress_line_container\">\r\n\t\t\t<div class=\"calendar_loader_frame__progress_line\"><\/div>\r\n\t\t<\/div>\r\n\t<\/div>\r\n\t<\/div><\/div><textarea id=\"date_booking5\" name=\"date_booking5\" autocomplete=\"off\" style=\"display:none;\"><\/textarea><div class=\"block_hints datepick \"><div class=\"wpdev_hint_with_text\"><div class=\"\"><div class=\"datepick-inline wpbc_calendar_legend_table_width_height\"><table class=\"datepick wpbc_calendar\" style=\"\"><tbody><tr><td class=\"datepick-days-cell datepick-unselectable date_user_unavailable wpbc_calendar_legend_day_cell_height\"><div class=\"wpbc-cell-box\">\t<div class=\"date-cell-content\">\t\t<div class=\"date-content-top\"><\/div>\t\t<span>&nbsp;<\/span>\t\t<div class=\"date-content-bottom\"><\/div>\t<\/div><\/div><\/td><\/tr><\/tbody><\/table><\/div><\/div><div class=\"block_text\">- <\/div><div class=\"block_text\">Indisponible<\/div><\/div><\/div><\/div>  \r\n\t\t<\/div> \r\n\t<\/div>\r\n\t<div class=\"wpbc__row\">  \r\n\t\t<div class=\"wpbc__field\"> \r\n\t\t\t<label>Heure de prise en charge (obligatoire) :<\/label>\r\n\t\t\t<span class=\"wpbc_wrap_text wpdev-form-control-wrap time5\"><input type=\"text\" name=\"time5\" value=\"\" autocomplete=\"time\" class=\"wpdev-validates-as-required\" size=\"40\" \/><\/span>\r\n\t\t<\/div> \r\n\t<\/div> \r\n\t\t\t<a style=\"padding:8px 15px; float: left\" class=\" wpbc_wizard_step_button wpbc_wizard_step_1\">Retour<\/a>   \r\n\t<a style=\"padding:8px 15px; float: right\" class=\" wpbc_wizard_step_button wpbc_wizard_step_3\">\r\n  Suivant\r\n\t<\/a> \r\n\t<\/div>\r\n\t<div class=\"wpbc_wizard_step wpbc__form__div wpbc_wizard_step3 wpbc_wizard_step_hidden\" style=\"display:none;clear:both;\"> \r\n\t<div class=\"wpbc__row\">\r\n\t\t<div class=\"wpbc__field\">\r\n\t\t\t<label>Passagers (total) :<\/label>\r\n\t\t\t<div class=\"wpbc__row\"><div class=\"wpbc__field\">  Le nombre total de passagers.<\/div><\/div>\r\n\t\t\t<span class=\"wpbc_wrap_select wpdev-form-control-wrap visitors5\"><select onchange=\"javascript:if(typeof( wpbc_show_cost_hints_after_few_seconds )=='function'){wpbc_show_cost_hints_after_few_seconds(5);}\" name=\"visitors5\" autocomplete=\"visitors\"><option value=\"1\">1<\/option><option value=\"2\">2<\/option><option value=\"3\">3<\/option><option value=\"4\">4<\/option><option value=\"5\">5<\/option><option value=\"6\">6<\/option><option value=\"7\">7<\/option><option value=\"8\">8<\/option><option value=\"9\">9<\/option><option value=\"10\">10<\/option><option value=\"11\">11<\/option><option value=\"12\">12<\/option><option value=\"13\">13<\/option><option value=\"14\">14<\/option><option value=\"15\">15<\/option><option value=\"16\">16<\/option><option value=\"17\">17<\/option><option value=\"18\">18<\/option><option value=\"19\">19<\/option><option value=\"20\">20<\/option><option value=\"21\">21<\/option><option value=\"22\">22<\/option><option value=\"23\">23<\/option><option value=\"24\">24<\/option><option value=\"25\">25<\/option><option value=\"26\">26<\/option><option value=\"27\">27<\/option><option value=\"28\">28<\/option><option value=\"29\">29<\/option><option value=\"30\">30<\/option><option value=\"31\">31<\/option><option value=\"32\">32<\/option><option value=\"33\">33<\/option><option value=\"34\">34<\/option><option value=\"35\">35<\/option><option value=\"36\">36<\/option><option value=\"37\">37<\/option><option value=\"38\">38<\/option><option value=\"39\">39<\/option><option value=\"40\">40<\/option><option value=\"41\">41<\/option><option value=\"42\">42<\/option><option value=\"43\">43<\/option><option value=\"44\">44<\/option><option value=\"45\">45<\/option><option value=\"46\">46<\/option><option value=\"47\">47<\/option><option value=\"48\">48<\/option><option value=\"49\">49<\/option><option value=\"50\">50<\/option><option value=\"51\">51<\/option><option value=\"52\">52<\/option><option value=\"53\">53<\/option><option value=\"54\">54<\/option><option value=\"55\">55<\/option><option value=\"56\">56<\/option><\/select><\/span>  \r\n\t\t<\/div>\r\n\t<\/div>\r\n\t<div class=\"wpbc__row\">\r\n\t\t<div class=\"wpbc__field\">\r\n\t\t<label>Passagers de 4 \u00e0 12 ans :<\/label>\r\n\t\t<div class=\"wpbc__row\"><div class=\"wpbc__field\">Combien de passagers ont entre 4 et 12 ans? Nous fournirons des si\u00e8ges d'appoint pour le transfert.<\/div><\/div><span class=\"wpbc_wrap_select wpdev-form-control-wrap children5\"><select onchange=\"javascript:if(typeof( wpbc_show_cost_hints_after_few_seconds )=='function'){wpbc_show_cost_hints_after_few_seconds(5);}\" name=\"children5\" autocomplete=\"children\"><option value=\"0\">0<\/option><option value=\"1\">1<\/option><option value=\"2\">2<\/option><option value=\"3\">3<\/option><option value=\"4\">4<\/option><option value=\"5\">5<\/option><option value=\"6\">6<\/option><option value=\"7\">7<\/option><option value=\"8\">8<\/option><option value=\"9\">9<\/option><option value=\"10\">10<\/option><\/select><\/span><\/div>\r\n\t<\/div> \r\n\t<div class=\"wpbc__row\">\r\n\t\t<div class=\"wpbc__field\">\r\n\t\t<label>Passagers de 0 \u00e0 4 ans :<\/label>\r\n\t\t<div class=\"wpbc__row\"><div class=\"wpbc__field\">Combien de passagers ont entre 0 et 4 ans? Nous fournirons des si\u00e8ges auto pour le transfert.<\/div><span class=\"wpbc_wrap_select wpdev-form-control-wrap infants5\"><select onchange=\"javascript:if(typeof( wpbc_show_cost_hints_after_few_seconds )=='function'){wpbc_show_cost_hints_after_few_seconds(5);}\" name=\"infants5\" autocomplete=\"infants\"><option value=\"0\">0<\/option><option value=\"1\">1<\/option><option value=\"2\">2<\/option><option value=\"3\">3<\/option><option value=\"4\">4<\/option><option value=\"5\">5<\/option><\/select><\/span>\r\n\t\t\t<\/div> <\/div><\/div>\r\n\t\t\t\t\t\t<a style=\"padding:8px 15px; float: left\" class=\" wpbc_wizard_step_button wpbc_wizard_step_2\">Retour<\/a>   \r\n\t\t<a style=\"padding:8px 15px; float: right\" class=\" wpbc_wizard_step_button wpbc_wizard_step_4\">\r\n  Suivant\r\n\t\t<\/a> \r\n\t<\/div>\r\n\t\t<div class=\"wpbc_wizard_step wpbc__form__div wpbc_wizard_step4 wpbc_wizard_step_hidden\" style=\"display:none;clear:both;\"> \r\n\t<div class=\"wpbc__row\"> \r\n\t\t<div class=\"wpbc__field\"> <label>Pr\u00e9nom (obligatoire) :<\/label><span class=\"wpbc_wrap_text wpdev-form-control-wrap name5\"><input type=\"text\" name=\"name5\" value=\"\" autocomplete=\"name\" class=\"wpdev-validates-as-required\" size=\"40\" \/><\/span><\/div> \r\n\t\t<div class=\"wpbc__field\"> <label>Nom de famille (obligatoire) :<\/label><span class=\"wpbc_wrap_text wpdev-form-control-wrap secondname5\"><input type=\"text\" name=\"secondname5\" value=\"\" autocomplete=\"secondname\" class=\"wpdev-validates-as-required\" size=\"40\" \/><\/span><\/div> \r\n\t<\/div> \r\n\t<div class=\"wpbc__row\"> \r\n\t\t<div class=\"wpbc__field\"> <label>Courriel (obligatoire) :<\/label><span class=\"wpbc_wrap_text wpdev-form-control-wrap email5\"><input type=\"email\" name=\"email5\" value=\"\" autocomplete=\"email\" class=\"wpdev-validates-as-email wpdev-validates-as-required\" size=\"40\" \/><\/span><\/div> \r\n\t\t<div class=\"wpbc__field\"> <label>T\u00e9l\u00e9phone (obligatoire) :<\/label><span class=\"wpbc_wrap_text wpdev-form-control-wrap formatted_phone5\"><input type=\"text\" name=\"formatted_phone5\" value=\"\" autocomplete=\"formatted_phone\" class=\"wpdev-validates-as-required\" size=\"40\" \/><\/span><span class=\"wpbc_wrap_text wpdev-form-control-wrap phone5\"><input type=\"text\" name=\"phone5\" value=\"\" autocomplete=\"phone\" class=\"wpdev-validates-as-required\" size=\"40\" \/><\/span><\/div> \r\n\t<\/div> \r\n\t<div class=\"wpbc__row\"> \r\n\t\t<div class=\"wpbc__field\"> <label>Bagages (15KG max) :<\/label><span class=\"wpbc_wrap_select wpdev-form-control-wrap luggage15kg5\"><select onchange=\"javascript:if(typeof( wpbc_show_cost_hints_after_few_seconds )=='function'){wpbc_show_cost_hints_after_few_seconds(5);}\" name=\"luggage15kg5\" autocomplete=\"luggage15kg\"><option value=\"0\">0<\/option><option value=\"1\">1<\/option><option value=\"2\">2<\/option><option value=\"3\">3<\/option><option value=\"4\">4<\/option><option value=\"5\">5<\/option><\/select><\/span><\/div> \r\n\t\t<div class=\"wpbc__field\"> <label>Bagages (20KG max) :<\/label><span class=\"wpbc_wrap_select wpdev-form-control-wrap luggage20kg5\"><select onchange=\"javascript:if(typeof( wpbc_show_cost_hints_after_few_seconds )=='function'){wpbc_show_cost_hints_after_few_seconds(5);}\" name=\"luggage20kg5\" autocomplete=\"luggage20kg\"><option value=\"0\">0<\/option><option value=\"1\">1<\/option><option value=\"2\">2<\/option><option value=\"3\">3<\/option><option value=\"4\">4<\/option><option value=\"5\">5<\/option><\/select><\/span><\/div> \r\n\t<\/div> \r\n\t<div class=\"wpbc__row\">\r\n\t\t<div class=\"wpbc__field\">\r\n\t\t<label>D\u00e9tails :<\/label>  \r\n\t<div class=\"wpbc__row\"> \r\n\t\t<div class=\"wpbc__field\">  Veuillez nous faire part de toute demande (par exemple, pour emmener un v\u00e9lo ou un animal de compagnie).\r\n\t\t<\/div> <span class=\"wpbc_wrap_textarea wpdev-form-control-wrap details5\"><textarea name=\"details5\" autocomplete=\"details\"><\/textarea><\/span><\/div><\/div>\r\n\t<\/div> \r\n\t<div class=\"wpbc__row\"> \r\n\t\t<div class=\"wpbc__field\"> <span class=\"wpbc_wrap_checkbox wpdev-form-control-wrap term_and_condition5\"><span autocomplete=\"term_and_condition\" class=\"wpdev-validates-as-required wpdev-checkbox\"><span class=\"wpdev-list-item\"><input  autocomplete=\"term_and_condition\" class=\"wpdev-validates-as-required wpdev-checkbox\" id=\"checkboxid177781544204877\"  onchange=\"javascript:if(typeof( wpbc_show_cost_hints_after_few_seconds )=='function'){wpbc_show_cost_hints_after_few_seconds(5);}\"  type=\"checkbox\"  name=\"term_and_condition5[]\"  value=\"Je suis d&#039;accord avec les conditions de r\u00e9servation\" \/><label for=\"checkboxid177781544204877\"  class=\"wpdev-list-item-label\">Je suis d&#039;accord avec les conditions de r\u00e9servation<\/label><\/span><\/span><\/span> <\/div> \r\n\t\t<div class=\"wpbc__field\">  <\/div> \r\n\t\t\t\t\t\t\r\n\t\t\t<a style=\"padding:8px 15px; float: left\" class=\" wpbc_wizard_step_button wpbc_wizard_step_3_wa\">Retour<\/a>  \r\n\t\t\t<div style=\"float: right\"><input type=\"button\" value=\"Demander un devis\" class=\"wpbc_button_light\" onclick=\"wpbc_booking_form_submit(this.form,5, 'fr_FR');\" \/><\/div>\r\n\t\t<\/div>\r\n\t<\/div>\r\n<\/div><script type=\"text\/javascript\">(function() { var a = setInterval( function() {  if ( ( 'undefined' === typeof _wpbc ) || ( 'undefined' === typeof jQuery ) || ! window.jQuery ) { return; } clearInterval( a ); jQuery( document ).ready( function (){\t\tmoveOptionalElementsToGarbage( 5 );\r\n\t} ); }, 500 ); })();<\/script><script type=\"text\/javascript\">(function() { var a = setInterval( function() {  if ( ( 'undefined' === typeof _wpbc ) || ( 'undefined' === typeof jQuery ) || ! window.jQuery ) { return; } clearInterval( a ); jQuery( document ).ready( function (){\t\t_wpbc.seasons__set( 5, [] );\r\n\t} ); }, 500 ); })();<\/script><input name=\"booking_form_type5\"  id=\"booking_form_type5\" type=\"hidden\" value=\"address-to-address\"><input id=\"bk_type5\" name=\"bk_type5\" class=\"\" type=\"hidden\" value=\"5\" \/><\/div><div id=\"submiting5\"><\/div><div class=\"form_bk_messages\" id=\"form_bk_messages5\" ><\/div><input type=\"hidden\" id=\"wpbc_nonceCALCULATE_THE_COST5\" name=\"wpbc_nonceCALCULATE_THE_COST5\" value=\"c6d66eea21\" \/><input type=\"hidden\" name=\"_wp_http_referer\" value=\"\/fr\/wp-json\/wp\/v2\/pages\/476\" \/><\/form><\/div><div id=\"booking_form_garbage5\" class=\"booking_form_garbage\"><\/div>\n<script id=\"wpbc-inline-js-wpbc-dup-calendar-warn-5\" type=\"text\/javascript\">\n(function() { var a = setInterval( function() {  if ( ( 'undefined' === typeof _wpbc ) || ( 'undefined' === typeof jQuery ) || ! window.jQuery ) { return; } clearInterval( a ); jQuery( document ).ready( function (){\njQuery(\".widget_wpdev_booking .booking_form.form-horizontal\").removeClass(\"form-horizontal\");\nvar calendars__on_this_page_list = _wpbc.get_other_param(\"calendars__on_this_page\") || [];\nvar visible_calendars_count = calendars__on_this_page_list.length;\nif (visible_calendars_count !== null) {\n  for (var i=0; i<visible_calendars_count; i++) {\n    if (_wpbc.get_other_param(\"calendars__on_this_page\")[i] === 5) {\n      console.log(\"%c%s\", \"color: #e77; font-weight:bold\", \"Warning! The booking calendar for this resource with the ID = 5 is already on the page. Find more details here: https:\\\/\\\/wpbookingcalendar.com\\\/faq\\\/why-the-booking-calendar-widget-not-show-on-page\\\/\");\n    }\n  }\n  _wpbc.get_other_param(\"calendars__on_this_page\")[visible_calendars_count] = 5;\n};\n} ); }, 500 ); })();\n<\/script>\n <script type=\"text\/javascript\"> (function() { var a = setInterval( function() {  if ( ( 'undefined' === typeof _wpbc ) || ( 'undefined' === typeof jQuery ) || ! window.jQuery ) { return; } clearInterval( a ); jQuery( document ).ready( function (){ _wpbc.balancer__set_max_threads( 3 );  _wpbc.calendar__set_param_value( 5 , 'calendar_scroll_to' , false );  _wpbc.calendar__set_param_value( 5 , 'calendar_dates_start' , \"\" );  _wpbc.calendar__set_param_value( 5 , 'calendar_dates_end'   , \"\" );  _wpbc.calendar__set_param_value( 5 , 'booking_max_monthes_in_calendar' , \"1y\" );  _wpbc.calendar__set_param_value( 5 , 'booking_start_day_weeek' , \"1\" );  _wpbc.calendar__set_param_value( 5 , 'calendar_number_of_months' , \"1\" );  _wpbc.calendar__set_param_value( 5, 'days_select_mode', \"single\" );  _wpbc.calendar__set_param_value( 5, 'fixed__days_num', 3 );  _wpbc.calendar__set_param_value( 5, 'fixed__week_days__start',   [-1] );  _wpbc.calendar__set_param_value( 5, 'dynamic__days_min', 1 );  _wpbc.calendar__set_param_value( 5, 'dynamic__days_max', 30 );  _wpbc.calendar__set_param_value( 5, 'dynamic__days_specific',    [] );  _wpbc.calendar__set_param_value( 5, 'dynamic__week_days__start', [-1] );  _wpbc.calendar__set_param_value( 5, 'booking_date_format', \"d\\\/m\\\/Y\" );  _wpbc.calendar__set_param_value( 5, 'booking_time_format', \"H:i\" );  _wpbc.calendar__set_param_value( 5 , 'booking_recurrent_time' , \"Off\" );  if ( 'function' === typeof ( wpbc__conditions__SAVE_INITIAL__days_selection_params__bm ) ) { wpbc__conditions__SAVE_INITIAL__days_selection_params__bm( 5 ); }  wpbc_calendar_show(\"5\");  _wpbc.set_secure_param('nonce', \"62b139eaa0\");  _wpbc.set_secure_param('user_id', \"0\");  _wpbc.set_secure_param('locale', \"fr_FR\");  wpbc_calendar__load_data__ajx({\"resource_id\":5,\"booking_hash\":\"\",\"request_uri\":\"\\\/fr\\\/wp-json\\\/wp\\\/v2\\\/pages\\\/476\",\"custom_form\":\"address-to-address\",\"aggregate_resource_id_str\":\"\",\"aggregate_type\":\"all\"}); } ); }, 500 ); })();<\/script><div  id=\"gateway_payment_forms5\"><\/div>\n<div class=\"pop\" style=\"display: none;\"><div class=\"close\">Fermer<\/div>\n\n\n\n<h3 class=\"wp-block-heading\">Politique d&rsquo;annulation<\/h3>\n\n\n\n<ul class=\"wp-block-list\">\n<li>Jusqu&rsquo;\u00e0 24h avant l&rsquo;heure de retrait&nbsp;: gratuit, vous recevrez un remboursement int\u00e9gral<\/li>\n\n\n\n<li>Retrait le jour m\u00eame&nbsp;: paiement int\u00e9gral, non remboursable.<\/li>\n\n\n\n<li>Absence non signal\u00e9e&nbsp;: 100&nbsp;% factur\u00e9s, aucun remboursement<\/li>\n<\/ul>\n\n\n\n<h3 class=\"wp-block-heading\">Paiement et frais suppl\u00e9mentaires<\/h3>\n\n\n\n<ul class=\"wp-block-list\">\n<li>Vous pouvez payer par carte (de cr\u00e9dit) ou en esp\u00e8ces.<\/li>\n\n\n\n<li>Le virement bancaire est possible, car nous pr\u00e9f\u00e9rons recevoir le paiement 24 heures avant le d\u00e9part.<\/li>\n\n\n\n<li>Facture par e-mail<\/li>\n\n\n\n<li>Arr\u00eats suppl\u00e9mentaires de prise en charge ou de d\u00e9pose : frais suppl\u00e9mentaires<\/li>\n\n\n\n<li>Si\u00e8ges enfants disponibles, mentionnez l&rsquo;\u00e2ge de votre\/vos enfant(s).<\/li>\n\n\n\n<li>Inclus : 30 minutes d&rsquo;attente \u00e0 l&rsquo;a\u00e9roport. 15 minutes \u00e0 la station de bus\/train, 10 minutes \u00e0 l&rsquo;h\u00f4tel inclus.<\/li>\n\n\n\n<li>Sur demande : par tranche de 30 minutes de temps d&rsquo;attente suppl\u00e9mentaire : 20 euros suppl\u00e9mentaires.<\/li>\n\n\n\n<li>Service suppl\u00e9mentaire (animaux, sacoches de v\u00e9lo ou gros bagages), veuillez nous en informer \u00e0 l&rsquo;avance.<\/li>\n<\/ul>\n\n\n\n<h3 class=\"wp-block-heading\">Modalit\u00e9s pratiques<\/h3>\n\n\n\n<p>Veuillez ajouter \u00e0 votre demande le num\u00e9ro du vol, le nombre d&rsquo;adultes et d&rsquo;enfants, l&rsquo;heure de d\u00e9part souhait\u00e9e, l&rsquo;adresse de prise en charge et de restitution.<\/p>\n\n\n\n<h3 class=\"wp-block-heading\">Pr\u00eat pour le d\u00e9part<\/h3>\n\n\n\n<p>La r\u00e9servation n&rsquo;est d\u00e9finitive qu&rsquo;apr\u00e8s r\u00e9ception d&rsquo;un courrier \u00e9lectronique de notre part confirmant la r\u00e9servation.<\/p><\/div>\n","protected":false},"excerpt":{"rendered":"<p>Retour Fermer Politique d&rsquo;annulation Jusqu&rsquo;\u00e0 24h avant l&rsquo;heure de retrait&nbsp;: gratuit, vous recevrez un remboursement int\u00e9gral Retrait le jour m\u00eame&nbsp;: paiement int\u00e9gral, non remboursable. Absence non signal\u00e9e&nbsp;: 100&nbsp;% factur\u00e9s, aucun remboursement Paiement et frais suppl\u00e9mentaires Vous pouvez payer par carte (de cr\u00e9dit) ou en esp\u00e8ces. Le virement bancaire est possible, car nous pr\u00e9f\u00e9rons recevoir le [&hellip;]<\/p>\n","protected":false},"author":6,"featured_media":0,"parent":0,"menu_order":0,"comment_status":"closed","ping_status":"closed","template":"","meta":{"footnotes":""},"class_list":["post-476","page","type-page","status-publish","hentry"],"_links":{"self":[{"href":"https:\/\/2piu.be\/fr\/wp-json\/wp\/v2\/pages\/476","targetHints":{"allow":["GET"]}}],"collection":[{"href":"https:\/\/2piu.be\/fr\/wp-json\/wp\/v2\/pages"}],"about":[{"href":"https:\/\/2piu.be\/fr\/wp-json\/wp\/v2\/types\/page"}],"author":[{"embeddable":true,"href":"https:\/\/2piu.be\/fr\/wp-json\/wp\/v2\/users\/6"}],"replies":[{"embeddable":true,"href":"https:\/\/2piu.be\/fr\/wp-json\/wp\/v2\/comments?post=476"}],"version-history":[{"count":1,"href":"https:\/\/2piu.be\/fr\/wp-json\/wp\/v2\/pages\/476\/revisions"}],"predecessor-version":[{"id":6628,"href":"https:\/\/2piu.be\/fr\/wp-json\/wp\/v2\/pages\/476\/revisions\/6628"}],"wp:attachment":[{"href":"https:\/\/2piu.be\/fr\/wp-json\/wp\/v2\/media?parent=476"}],"curies":[{"name":"wp","href":"https:\/\/api.w.org\/{rel}","templated":true}]}}